{"id":703,"date":"2023-02-20T22:00:44","date_gmt":"2023-02-20T20:00:44","guid":{"rendered":"https:\/\/psicologiagirona.es\/?page_id=703"},"modified":"2024-02-26T20:50:47","modified_gmt":"2024-02-26T18:50:47","slug":"avis-legal","status":"publish","type":"page","link":"https:\/\/psicologiagirona.es\/es\/avis-legal\/","title":{"rendered":"Av\u00eds Legal"},"content":{"rendered":"\t\t<div data-elementor-type=\"wp-page\" data-elementor-id=\"703\" class=\"elementor elementor-703\">\n\t\t\t\t\t\t<section class=\"elementor-section elementor-top-section elementor-element elementor-element-073af1c elementor-section-boxed elementor-section-height-default elementor-section-height-default wpr-particle-no wpr-jarallax-no wpr-parallax-no wpr-sticky-section-no wpr-equal-height-no\" data-id=\"073af1c\" data-element_type=\"section\">\n\t\t\t\t\t\t<div class=\"elementor-container elementor-column-gap-default\">\n\t\t\t\t\t<div class=\"elementor-column elementor-col-100 elementor-top-column elementor-element elementor-element-9365f68\" data-id=\"9365f68\" data-element_type=\"column\">\n\t\t\t<div class=\"elementor-widget-wrap elementor-element-populated\">\n\t\t\t\t\t\t<div class=\"elementor-element elementor-element-3d11794 elementor-widget elementor-widget-heading\" data-id=\"3d11794\" data-element_type=\"widget\" data-widget_type=\"heading.default\">\n\t\t\t\t<div class=\"elementor-widget-container\">\n\t\t\t<style>\/*! elementor - v3.23.0 - 05-08-2024 *\/\n.elementor-heading-title{padding:0;margin:0;line-height:1}.elementor-widget-heading .elementor-heading-title[class*=elementor-size-]>a{color:inherit;font-size:inherit;line-height:inherit}.elementor-widget-heading .elementor-heading-title.elementor-size-small{font-size:15px}.elementor-widget-heading .elementor-heading-title.elementor-size-medium{font-size:19px}.elementor-widget-heading .elementor-heading-title.elementor-size-large{font-size:29px}.elementor-widget-heading .elementor-heading-title.elementor-size-xl{font-size:39px}.elementor-widget-heading .elementor-heading-title.elementor-size-xxl{font-size:59px}<\/style><h2 class=\"elementor-heading-title elementor-size-default\">Av\u00eds Legal<\/h2>\t\t<\/div>\n\t\t\t\t<\/div>\n\t\t\t\t<div class=\"elementor-element elementor-element-b91e7f7 elementor-widget elementor-widget-text-editor\" data-id=\"b91e7f7\" data-element_type=\"widget\" data-widget_type=\"text-editor.default\">\n\t\t\t\t<div class=\"elementor-widget-container\">\n\t\t\t<style>\/*! elementor - v3.23.0 - 05-08-2024 *\/\n.elementor-widget-text-editor.elementor-drop-cap-view-stacked .elementor-drop-cap{background-color:#69727d;color:#fff}.elementor-widget-text-editor.elementor-drop-cap-view-framed .elementor-drop-cap{color:#69727d;border:3px solid;background-color:transparent}.elementor-widget-text-editor:not(.elementor-drop-cap-view-default) .elementor-drop-cap{margin-top:8px}.elementor-widget-text-editor:not(.elementor-drop-cap-view-default) .elementor-drop-cap-letter{width:1em;height:1em}.elementor-widget-text-editor .elementor-drop-cap{float:left;text-align:center;line-height:1;font-size:50px}.elementor-widget-text-editor .elementor-drop-cap-letter{display:inline-block}<\/style>\t\t\t\t<p><strong>Titular de la web i de l\u2019aplicaci\u00f3:<\/strong> Carlos Moreno<\/p><p><strong>Carlos Moreno, NIF:<\/strong>\u00a0 45542722P. Adre\u00e7a postal: C\/ Miramar s\/n, 17320, Tossa de Mar, Girona. \u00a0Tel\u00e8fon: 972 48 70 92. Correu electr\u00f2nic: contacto@psicologiagirona.es<\/p><p>La utilitzaci\u00f3 del lloc web est\u00e0 subjecta a les seg\u00fcents condicions d\u2019\u00fas. Li preguem que les llegeixi atentament. El fet d\u2019accedir a la web i utilitzar els materials continguts en ella implica que vost\u00e8 ha llegit i accepta, sense reserva, aquestes condicions.<\/p><h2><strong>1.Condicions d\u2019\u00fas<\/strong><\/h2><p><strong>1.1<\/strong>\u00a0Las p\u00e0gines de Cl\u00ednica Girona poden ser visitades lliurement pels usuaris a excepci\u00f3 d\u2019aquelles que estiguin incloses en \u00e0rees tancades o de subscripci\u00f3.<\/p><p><strong>1.2<\/strong>\u00a0L\u2019usuari es compromet a utilitzar les p\u00e0gines de Cl\u00ednica Girona de conformitat amb la llei espanyola, la reglamentaci\u00f3 europea, el present Av\u00eds legal, les condicions particulars de certs serveis i la resta d\u2019avisos, reglaments d\u2019\u00fas i instruccions que s\u2019hagin posat en el seu coneixement, aix\u00ed com amb la moral i les bones costums generalment acceptades i l\u2019ordre p\u00fablic.<\/p><p><strong>1.3<\/strong>\u00a0Aquest lloc web t\u00e9 com a objectiu principal informar al p\u00fablic, en general, dels serveis i prestacions sanit\u00e0ries del centre. Cl\u00ednica Girona declina qualsevol responsabilitat respecte de la informaci\u00f3 que es trobi fora d\u2019aquesta p\u00e0gina o del seu control i\/o de la que no sigui autor, no sent responsable, en particular, de l\u2019actualitzaci\u00f3, correcci\u00f3 i\/o exactitud dels continguts als quals tingui acc\u00e9s el visitant a trav\u00e9s d\u2019aquesta p\u00e0gina web aix\u00ed com de la seva legalitat i\/o idone\u00eftat.<\/p><p><strong>1.4<\/strong>\u00a0L\u2019acc\u00e9s a aquest material no pret\u00e9n constituir ni implica cap relaci\u00f3 de confian\u00e7a o professional entre CL\u00cdNICA GIRONA i l\u2019usuari de la web.<\/p><p><strong>1.5<\/strong>\u00a0El contingut d\u2019aquestes p\u00e0gines web est\u00e0 subjecte a all\u00f2 que es disposa a la normativa vigent espanyola reguladora de la Propietat Intel\u00b7lectual i, per tant, no podr\u00e0 ser reprodu\u00eft, modificat, distribu\u00eft, comunicat p\u00fablicament ni emmagatzemat sense autoritzaci\u00f3 pr\u00e8via de Cl\u00ednica Girona.<\/p><p><strong>1.6<\/strong>\u00a0L\u2019\u00fas indegut del contingut d\u2019aquest lloc web podr\u00e0 ser considerat una infracci\u00f3 a les normes reguladores del copyright. Els usuaris han d\u2019abstenir-se d\u2019obtenir o d\u2019intentar obtenir els continguts de la web de Cl\u00ednica Girona utilitzant mitjans o procediments diferents dels que siguin posats a disposici\u00f3 o siguin indicats per aquest efecte en las p\u00e0gines web on es trobin els mateixos.<\/p><p><strong>1.7<\/strong>\u00a0Els enlla\u00e7os o links que contenen el lloc web poden conduir l\u2019usuari a altres llocs, p\u00e0gines web i \/ o aplicacions gestionats per tercers, sobre els quals CL\u00cdNICA GIRONA no exerceix cap tipus de control. La CL\u00cdNICA GIRONA no respon ni del contingut ni de l\u2019estat d\u2019aquests llocs, p\u00e0gines web i aplicacions, i l\u2019acc\u00e9s a les mateixes a trav\u00e9s del lloc web o de l\u2019aplicaci\u00f3 tampoc implica que CL\u00cdNICA GIRONA recomani o aprovi el seu contingut.<\/p><h2><strong>2.Protecci\u00f3 de Dades<\/strong><\/h2><p><strong>2.1<\/strong>\u00a0Cl\u00ednica Girona, Responsable del Tractament, en compliment del Reglament (UE) 2016\/679 del Parlament Europeu i del Consell, de 27 d\u2019abril de 2016, relatiu a la protecci\u00f3 de les persones f\u00edsiques en all\u00f2 que respecta al tractament de dades personals i a la lliure circulaci\u00f3 d\u2019aquestes, endavant RGPD, l\u2019informa que el tractament de qualsevol dada facilitada al centre a trav\u00e9s del correu electr\u00f2nic o formularis, \u00a0nom\u00e9s ser\u00e0 utilitzada per acomplir la finalitat i els objectius per les quals ha estat facilitada. Cl\u00ednica Girona tractar\u00e0 aquestes d\u2019acord amb les exig\u00e8ncies legals, prenent les mesures de seguretat corresponents per garantir la confidencialitat i integritat de la informaci\u00f3 d\u2019acord amb el que s\u2019estableix a la LOPD, i la resta de legislaci\u00f3 aplicable. Cl\u00ednica Girona est\u00e0 adherida al Codi Tipus de la Uni\u00f3 Catalana d\u2019Hospitals (UCH), amb el registre CT151, en compliment de la Llei Org\u00e0nica 15\/1999, de Protecci\u00f3 de Dades de Car\u00e0cter Personal (LOPD).<\/p><p><strong>2.2<\/strong>\u00a0L\u2019usuari respondr\u00e0, en qualsevol cas, de la veracitat de les dades facilitades, reservant-se Cl\u00ednica Girona el dret a excloure dels serveis registrats a tot aquell usuari que hagi facilitat dades falses, sense prejudici de la resta d\u2019accions legals.<\/p><p><strong>2.3<\/strong>\u00a0En virtut del que disposa l\u2019article 22 de la LSSI, la CL\u00cdNICA GIRONA podr\u00e0 utilitzar dispositius d\u2019emmagatzematge i recuperaci\u00f3 de dades (\u201ccookies\u201d) en equips terminals dels destinataris, a condici\u00f3 que els mateixos hagin donat el seu consentiment despr\u00e9s que se\u2019ls hagi facilitat informaci\u00f3 clara i completa sobre la seva utilitzaci\u00f3. Els usuaris podran obtenir tota la informaci\u00f3 sobre la finalitat de la instal\u00b7laci\u00f3 de les cookies i els usos que es donar\u00e0 a les mateixes en la<u>\u00a0<a href=\"https:\/\/psicologiagirona.es\/?page_id=692\">Pol\u00edtica de cookies<\/a><\/u>\u00a0de CL\u00cdNICA GIRONA. Aix\u00f2 no impedeix el possible emmagatzematge o acc\u00e9s d\u2019\u00edndole t\u00e8cnica per tal d\u2019efectuar la transmissi\u00f3 d\u2019una comunicaci\u00f3 per una xarxa de comunicacions electr\u00f2niques o, en la mesura que sigui estrictament necessari, per a la prestaci\u00f3 d\u2019un servei de la societat de la informaci\u00f3 expressament sol\u00b7licitat pel destinatari.<\/p><p><strong>2.4<\/strong>\u00a0Quan se li sol\u00b7licitin dades personals per a la prestaci\u00f3 de serveis, s\u2019informar\u00e0 a l\u2019usuari del car\u00e0cter necessari de les que es consideren imprescindibles. Si no es faciliten aquestes dades obligat\u00f2ries, no ser\u00e0 possible la prestaci\u00f3 d\u2019aquests serveis.<\/p><p><strong>2.5<\/strong>\u00a0Per la seva part vost\u00e8 t\u00e9 la facultat d\u2019exercir els drets acc\u00e9s, rectificaci\u00f3, supressi\u00f3, limitaci\u00f3 del tractament, portabilitat i d\u2019oposici\u00f3 de les seves dades d\u2019acord all\u00f2 que disposa la normativa en mat\u00e8ria de protecci\u00f3 de dades. Per a exercir-los, haur\u00e0 de dirigir-se per escrit al Delegat de Protecci\u00f3 de Dades a c\/Joan Maragall 26 (17002-Girona) o per email a\u00a0<u><a href=\"mailto:protecciodades@clinicagirona.cat\">protecciodades@clinicagirona.cat<\/a><\/u>; en qualsevol cas la sol\u00b7licitud haur\u00e0 d\u2019indicar el nom i cognoms de l\u2019usuari, domicili a efectes de notificacions, fotoc\u00f2pia del Document d\u2019identitat o passaport i indicaci\u00f3 del dret que s\u2019exerceix. Aix\u00ed mateix se l\u2019informa del seu dret a, en cas de no estar d\u2019acord amb el tractament realitzat per la nostra Entitat o considerar vulnerats els seus drets, presentar una reclamaci\u00f3 en tot moment davant l\u2019Autoritat de control corresponent.<\/p><h2><strong>3. Limitaci\u00f3 de Responsabilitat<\/strong><\/h2><p><strong>3.1<\/strong>\u00a0Aquest lloc web t\u00e9 com a objectiu principal informar al p\u00fablic en general dels serveis sanitaris, localitzaci\u00f3 i activitats de Cl\u00ednica Girona, i per aix\u00f2 els continguts del mateix s\u00f3n de car\u00e0cter informatiu i purament orientatius, per tant no han de ser considerats com assessorament legal o m\u00e8dic.<\/p><p><strong>3.2<\/strong>\u00a0Cl\u00ednica Girona declina qualsevol responsabilitat respecte de la informaci\u00f3 que es trobi fora d\u2019aquesta p\u00e0gina o del seu control i\/o de la que no sigui autor, no sent responsable, en particular, de l\u2019actualitzaci\u00f3, correcci\u00f3 i\/o exactitud dels continguts als quals tingui acc\u00e9s el visitant a trav\u00e9s d\u2019aquesta p\u00e0gina web aix\u00ed com de la seva legalitat i\/o idone\u00eftat.<\/p><p><strong>3.3<\/strong>\u00a0Tampoc pot fer-se responsable a Cl\u00ednica Girona de cap tipus de dany directament o indirectament relacionat amb l\u2019\u00fas i\/o contingut dels enlla\u00e7os inclosos en aquesta p\u00e0gina. La inclusi\u00f3 d\u2019un enlla\u00e7 en aquesta p\u00e0gina no pot ser considerat una recomanaci\u00f3 de Cl\u00ednica Girona als visitants, la decisi\u00f3 d\u2019utilitzar l\u2019enlla\u00e7 queda subjecte a la voluntat d\u2019aquests \u00faltims.<\/p><p><strong>3.4<\/strong>\u00a0En tot cas, i sota cap circumst\u00e0ncia, la informaci\u00f3 directa o indirectament accessible a trav\u00e9s d\u2019aquesta p\u00e0gina no pot ser considerada un consell m\u00e8dic o prescripci\u00f3 facultativa, declinant Cl\u00ednica Girona tota responsabilitat per qualsevol tipus de conseq\u00fc\u00e8ncies directament o indirectament relacionades amb les accions o omissions que pugui dur a terme el visitant en funci\u00f3 de la interpretaci\u00f3 d\u2019aquestes informacions.<\/p><p><strong>3.5<\/strong>\u00a0La informaci\u00f3 continguda en aquest web pot no ser correcta, malgrat els esfor\u00e7os realitzats per vetllar per la seva veracitat i actualitzaci\u00f3. En conseq\u00fc\u00e8ncia, Cl\u00ednica Girona no es responsabilitza dels errors continguts, ni pels danys o perjudicis derivats del seu \u00fas. Cl\u00ednica Girona no es responsabilitza dels danys i perjudicis ocasionats en el sistema dels usuaris del lloc web, en no poder garantir la inexist\u00e8ncia de virus o altres elements lesius en els seus continguts.<\/p><p><strong>3.6<\/strong>\u00a0Cl\u00ednica Girona es reserva el dret a modificar, actualitzar o suprimir qualsevol dels continguts del web sense pr\u00e8via notificaci\u00f3.<\/p>\t\t\t\t\t\t<\/div>\n\t\t\t\t<\/div>\n\t\t\t\t\t<\/div>\n\t\t<\/div>\n\t\t\t\t\t<\/div>\n\t\t<\/section>\n\t\t\t\t<\/div>\n\t\t","protected":false},"excerpt":{"rendered":"<p>Av\u00eds Legal Titular de la web i de l\u2019aplicaci\u00f3: Carlos Moreno Carlos Moreno, NIF:\u00a0 45542722P. Adre\u00e7a postal: C\/ Miramar s\/n, 17320, Tossa de Mar, Girona. \u00a0Tel\u00e8fon: 972 48 70 92. Correu electr\u00f2nic: contacto@psicologiagirona.es La utilitzaci\u00f3 del lloc web est\u00e0 subjecta a les seg\u00fcents condicions d\u2019\u00fas. Li preguem que les llegeixi atentament. El fet d\u2019accedir a la web i utilitzar els materials continguts en ella implica que vost\u00e8 ha llegit i accepta, sense reserva, aquestes condicions. 1.Condicions d\u2019\u00fas 1.1\u00a0Las p\u00e0gines de Cl\u00ednica Girona poden ser visitades lliurement pels usuaris a excepci\u00f3 d\u2019aquelles que estiguin incloses en \u00e0rees tancades o de subscripci\u00f3. 1.2\u00a0L\u2019usuari es compromet a utilitzar les p\u00e0gines de Cl\u00ednica Girona de conformitat amb la llei espanyola, la reglamentaci\u00f3 europea, el present Av\u00eds legal, les condicions particulars de certs serveis i la resta d\u2019avisos, reglaments d\u2019\u00fas i instruccions que s\u2019hagin posat en el seu coneixement, aix\u00ed com amb la moral i les bones costums generalment acceptades i l\u2019ordre p\u00fablic. 1.3\u00a0Aquest lloc web t\u00e9 com a objectiu principal informar al p\u00fablic, en general, dels serveis i prestacions sanit\u00e0ries del centre. Cl\u00ednica Girona declina qualsevol responsabilitat respecte de la informaci\u00f3 que es trobi fora d\u2019aquesta p\u00e0gina o del seu control i\/o de la que no sigui autor, no sent responsable, en particular, de l\u2019actualitzaci\u00f3, correcci\u00f3 i\/o exactitud dels continguts als quals tingui acc\u00e9s el visitant a trav\u00e9s d\u2019aquesta p\u00e0gina web aix\u00ed com de la seva legalitat i\/o idone\u00eftat. 1.4\u00a0L\u2019acc\u00e9s a aquest material no pret\u00e9n constituir ni implica cap relaci\u00f3 de confian\u00e7a o professional entre CL\u00cdNICA GIRONA i l\u2019usuari de la web. 1.5\u00a0El contingut d\u2019aquestes p\u00e0gines web est\u00e0 subjecte a all\u00f2 que es disposa a la normativa vigent espanyola reguladora de la Propietat Intel\u00b7lectual i, per tant, no podr\u00e0 ser reprodu\u00eft, modificat, distribu\u00eft, comunicat p\u00fablicament ni emmagatzemat sense autoritzaci\u00f3 pr\u00e8via de Cl\u00ednica Girona. 1.6\u00a0L\u2019\u00fas indegut del contingut d\u2019aquest lloc web podr\u00e0 ser considerat una infracci\u00f3 a les normes reguladores del copyright. Els usuaris han d\u2019abstenir-se d\u2019obtenir o d\u2019intentar obtenir els continguts de la web de Cl\u00ednica Girona utilitzant mitjans o procediments diferents dels que siguin posats a disposici\u00f3 o siguin indicats per aquest efecte en las p\u00e0gines web on es trobin els mateixos. 1.7\u00a0Els enlla\u00e7os o links que contenen el lloc web poden conduir l\u2019usuari a altres llocs, p\u00e0gines web i \/ o aplicacions gestionats per tercers, sobre els quals CL\u00cdNICA GIRONA no exerceix cap tipus de control. La CL\u00cdNICA GIRONA no respon ni del contingut ni de l\u2019estat d\u2019aquests llocs, p\u00e0gines web i aplicacions, i l\u2019acc\u00e9s a les mateixes a trav\u00e9s del lloc web o de l\u2019aplicaci\u00f3 tampoc implica que CL\u00cdNICA GIRONA recomani o aprovi el seu contingut. 2.Protecci\u00f3 de Dades 2.1\u00a0Cl\u00ednica Girona, Responsable del Tractament, en compliment del Reglament (UE) 2016\/679 del Parlament Europeu i del Consell, de 27 d\u2019abril de 2016, relatiu a la protecci\u00f3 de les persones f\u00edsiques en all\u00f2 que respecta al tractament de dades personals i a la lliure circulaci\u00f3 d\u2019aquestes, endavant RGPD, l\u2019informa que el tractament de qualsevol dada facilitada al centre a trav\u00e9s del correu electr\u00f2nic o formularis, \u00a0nom\u00e9s ser\u00e0 utilitzada per acomplir la finalitat i els objectius per les quals ha estat facilitada. Cl\u00ednica Girona tractar\u00e0 aquestes d\u2019acord amb les exig\u00e8ncies legals, prenent les mesures de seguretat corresponents per garantir la confidencialitat i integritat de la informaci\u00f3 d\u2019acord amb el que s\u2019estableix a la LOPD, i la resta de legislaci\u00f3 aplicable. Cl\u00ednica Girona est\u00e0 adherida al Codi Tipus de la Uni\u00f3 Catalana d\u2019Hospitals (UCH), amb el registre CT151, en compliment de la Llei Org\u00e0nica 15\/1999, de Protecci\u00f3 de Dades de Car\u00e0cter Personal (LOPD). 2.2\u00a0L\u2019usuari respondr\u00e0, en qualsevol cas, de la veracitat de les dades facilitades, reservant-se Cl\u00ednica Girona el dret a excloure dels serveis registrats a tot aquell usuari que hagi facilitat dades falses, sense prejudici de la resta d\u2019accions legals. 2.3\u00a0En virtut del que disposa l\u2019article 22 de la LSSI, la CL\u00cdNICA GIRONA podr\u00e0 utilitzar dispositius d\u2019emmagatzematge i recuperaci\u00f3 de dades (\u201ccookies\u201d) en equips terminals dels destinataris, a condici\u00f3 que els mateixos hagin donat el seu consentiment despr\u00e9s que se\u2019ls hagi facilitat informaci\u00f3 clara i completa sobre la seva utilitzaci\u00f3. Els usuaris podran obtenir tota la informaci\u00f3 sobre la finalitat de la instal\u00b7laci\u00f3 de les cookies i els usos que es donar\u00e0 a les mateixes en la\u00a0Pol\u00edtica de cookies\u00a0de CL\u00cdNICA GIRONA. Aix\u00f2 no impedeix el possible emmagatzematge o acc\u00e9s d\u2019\u00edndole t\u00e8cnica per tal d\u2019efectuar la transmissi\u00f3 d\u2019una comunicaci\u00f3 per una xarxa de comunicacions electr\u00f2niques o, en la mesura que sigui estrictament necessari, per a la prestaci\u00f3 d\u2019un servei de la societat de la informaci\u00f3 expressament sol\u00b7licitat pel destinatari. 2.4\u00a0Quan se li sol\u00b7licitin dades personals per a la prestaci\u00f3 de serveis, s\u2019informar\u00e0 a l\u2019usuari del car\u00e0cter necessari de les que es consideren imprescindibles. Si no es faciliten aquestes dades obligat\u00f2ries, no ser\u00e0 possible la prestaci\u00f3 d\u2019aquests serveis. 2.5\u00a0Per la seva part vost\u00e8 t\u00e9 la facultat d\u2019exercir els drets acc\u00e9s, rectificaci\u00f3, supressi\u00f3, limitaci\u00f3 del tractament, portabilitat i d\u2019oposici\u00f3 de les seves dades d\u2019acord all\u00f2 que disposa la normativa en mat\u00e8ria de protecci\u00f3 de dades. Per a exercir-los, haur\u00e0 de dirigir-se per escrit al Delegat de Protecci\u00f3 de Dades a c\/Joan Maragall 26 (17002-Girona) o per email a\u00a0protecciodades@clinicagirona.cat; en qualsevol cas la sol\u00b7licitud haur\u00e0 d\u2019indicar el nom i cognoms de l\u2019usuari, domicili a efectes de notificacions, fotoc\u00f2pia del Document d\u2019identitat o passaport i indicaci\u00f3 del dret que s\u2019exerceix. Aix\u00ed mateix se l\u2019informa del seu dret a, en cas de no estar d\u2019acord amb el tractament realitzat per la nostra Entitat o considerar vulnerats els seus drets, presentar una reclamaci\u00f3 en tot moment davant l\u2019Autoritat de control corresponent. 3. Limitaci\u00f3 de Responsabilitat 3.1\u00a0Aquest lloc web t\u00e9 com a objectiu principal informar al p\u00fablic en general dels serveis sanitaris, localitzaci\u00f3 i activitats de Cl\u00ednica Girona, i per aix\u00f2 els continguts del mateix s\u00f3n de car\u00e0cter informatiu i purament orientatius, per tant no han de ser considerats com assessorament legal o m\u00e8dic. 3.2\u00a0Cl\u00ednica Girona declina qualsevol responsabilitat respecte de la informaci\u00f3 que es trobi fora d\u2019aquesta p\u00e0gina o del seu control i\/o de la que no sigui autor, no &#8230; <a title=\"Av\u00eds Legal\" class=\"read-more\" href=\"https:\/\/psicologiagirona.es\/es\/avis-legal\/\" aria-label=\"Leer m\u00e1s sobre Av\u00eds Legal\">Leer m\u00e1s<\/a><\/p>","protected":false},"author":1,"featured_media":0,"parent":0,"menu_order":0,"comment_status":"closed","ping_status":"closed","template":"","meta":[],"aioseo_notices":[],"_links":{"self":[{"href":"https:\/\/psicologiagirona.es\/es\/wp-json\/wp\/v2\/pages\/703"}],"collection":[{"href":"https:\/\/psicologiagirona.es\/es\/wp-json\/wp\/v2\/pages"}],"about":[{"href":"https:\/\/psicologiagirona.es\/es\/wp-json\/wp\/v2\/types\/page"}],"author":[{"embeddable":true,"href":"https:\/\/psicologiagirona.es\/es\/wp-json\/wp\/v2\/users\/1"}],"replies":[{"embeddable":true,"href":"https:\/\/psicologiagirona.es\/es\/wp-json\/wp\/v2\/comments?post=703"}],"version-history":[{"count":7,"href":"https:\/\/psicologiagirona.es\/es\/wp-json\/wp\/v2\/pages\/703\/revisions"}],"predecessor-version":[{"id":938,"href":"https:\/\/psicologiagirona.es\/es\/wp-json\/wp\/v2\/pages\/703\/revisions\/938"}],"wp:attachment":[{"href":"https:\/\/psicologiagirona.es\/es\/wp-json\/wp\/v2\/media?parent=703"}],"curies":[{"name":"wp","href":"https:\/\/api.w.org\/{rel}","templated":true}]}}